{"id":10,"date":"2021-11-05T06:33:39","date_gmt":"2021-11-05T06:33:39","guid":{"rendered":"http:\/\/10.1.0.80:8130\/?page_id=10"},"modified":"2022-04-25T13:08:32","modified_gmt":"2022-04-25T13:08:32","slug":"kapcsolat","status":"publish","type":"page","link":"https:\/\/aranykor.hu\/idosek-otthona\/kapcsolat\/","title":{"rendered":"Kapcsolat"},"content":{"rendered":"\n<p><strong>\u00dcGYF\u00c9LFOGAD\u00c1S<\/strong><\/p>\n\n\n\n<div style=\"height:15px\" aria-hidden=\"true\" class=\"wp-block-spacer\"><\/div>\n\n\n\n<div class=\"wp-block-columns is-layout-flex wp-container-core-columns-is-layout-9d6595d7 wp-block-columns-is-layout-flex\">\n<div class=\"wp-block-column is-layout-flow wp-block-column-is-layout-flow\">\n<p style=\"font-style:normal;font-weight:500\">H\u00e9tf\u0151<\/p>\n\n\n\n<p style=\"font-style:normal;font-weight:500\">Kedd<\/p>\n\n\n\n<p>Szerda<\/p>\n\n\n\n<p>Cs\u00fct\u00f6rt\u00f6k<\/p>\n\n\n\n<p>P\u00e9ntek<\/p>\n\n\n\n<p>Szombat<\/p>\n\n\n\n<p>Vas\u00e1rnap<\/p>\n<\/div>\n\n\n\n<div class=\"wp-block-column is-layout-flow wp-block-column-is-layout-flow\">\n<p>8:00 &#8211; 15:00<\/p>\n\n\n\n<p>8:00 &#8211; 15:00<\/p>\n\n\n\n<p>8:00 &#8211; 15:00<\/p>\n\n\n\n<p>8:00 &#8211; 15:00<\/p>\n\n\n\n<p>8:00 &#8211; 15:00<\/p>\n\n\n\n<p>Z\u00e1rva<\/p>\n\n\n\n<p>Z\u00e1rva<\/p>\n<\/div>\n<\/div>\n\n\n\n<div style=\"height:24px\" aria-hidden=\"true\" class=\"wp-block-spacer\"><\/div>\n\n\n\n<p><strong>L\u00c1TOGAT\u00c1S<\/strong><\/p>\n\n\n\n<div style=\"height:18px\" aria-hidden=\"true\" class=\"wp-block-spacer\"><\/div>\n\n\n\n<p><strong>H\u00e9tf\u0151t\u0151l vas\u00e1rnapig 9:00-19:00 \u00f3r\u00e1ig<\/strong><\/p>\n\n\n\n<div style=\"height:14px\" aria-hidden=\"true\" class=\"wp-block-spacer\"><\/div>\n\n\n\n<p><\/p>\n","protected":false},"excerpt":{"rendered":"<p>\u00dcGYF\u00c9LFOGAD\u00c1S H\u00e9tf\u0151 Kedd Szerda Cs\u00fct\u00f6rt\u00f6k P\u00e9ntek Szombat Vas\u00e1rnap 8:00 &#8211; 15:00 8:00 &#8211; 15:00 8:00 &#8211; 15:00 8:00 &#8211; 15:00 8:00 &#8211; 15:00 Z\u00e1rva Z\u00e1rva L\u00c1TOGAT\u00c1S H\u00e9tf\u0151t\u0151l vas\u00e1rnapig 9:00-19:00 \u00f3r\u00e1ig<\/p>\n","protected":false},"author":1,"featured_media":0,"parent":0,"menu_order":0,"comment_status":"closed","ping_status":"closed","template":"","meta":{"footnotes":""},"class_list":["post-10","page","type-page","status-publish","hentry"],"_links":{"self":[{"href":"https:\/\/aranykor.hu\/idosek-otthona\/wp-json\/wp\/v2\/pages\/10","targetHints":{"allow":["GET"]}}],"collection":[{"href":"https:\/\/aranykor.hu\/idosek-otthona\/wp-json\/wp\/v2\/pages"}],"about":[{"href":"https:\/\/aranykor.hu\/idosek-otthona\/wp-json\/wp\/v2\/types\/page"}],"author":[{"embeddable":true,"href":"https:\/\/aranykor.hu\/idosek-otthona\/wp-json\/wp\/v2\/users\/1"}],"replies":[{"embeddable":true,"href":"https:\/\/aranykor.hu\/idosek-otthona\/wp-json\/wp\/v2\/comments?post=10"}],"version-history":[{"count":23,"href":"https:\/\/aranykor.hu\/idosek-otthona\/wp-json\/wp\/v2\/pages\/10\/revisions"}],"predecessor-version":[{"id":804,"href":"https:\/\/aranykor.hu\/idosek-otthona\/wp-json\/wp\/v2\/pages\/10\/revisions\/804"}],"wp:attachment":[{"href":"https:\/\/aranykor.hu\/idosek-otthona\/wp-json\/wp\/v2\/media?parent=10"}],"curies":[{"name":"wp","href":"https:\/\/api.w.org\/{rel}","templated":true}]}}