{"id":3,"date":"2021-10-13T17:19:15","date_gmt":"2021-10-13T17:19:15","guid":{"rendered":"https:\/\/uj.aranykor.hu\/lakopark\/?page_id=3"},"modified":"2021-10-19T12:04:24","modified_gmt":"2021-10-19T12:04:24","slug":"adatkezelesi-tajekoztato","status":"publish","type":"page","link":"https:\/\/aranykor.hu\/lakopark\/adatkezelesi-tajekoztato\/","title":{"rendered":"Adatv\u00e9delmi ir\u00e1nyelvek"},"content":{"rendered":"\n<div style=\"height:60px\" aria-hidden=\"true\" class=\"wp-block-spacer\"><\/div>\n\n\n\n<h5 class=\"wp-block-heading\">A term\u00e9szetes szem\u00e9lyeknek a szem\u00e9lyes adatok kezel\u00e9se tekintet\u00e9ben t\u00f6rt\u00e9n\u0151 v\u00e9delm\u00e9r\u0151l \u00e9s az ilyen adatok szabad \u00e1raml\u00e1s\u00e1r\u00f3l, valamint a 95\/46\/EK rendelet hat\u00e1lyon k\u00edv\u00fcl helyez\u00e9s\u00e9r\u0151l sz\u00f3l\u00f3 AZ EUR\u00d3PAI PARLAMENT \u00c9S A TAN\u00c1CS (EU) 2016\/679 RENDELETE (a tov\u00e1bbiakban: Rendelet) el\u0151\u00edrja, hogy az Adatkezel\u0151 megfelel\u0151 int\u00e9zked\u00e9seket hoz annak \u00e9rdek\u00e9ben, hogy az \u00e9rintett r\u00e9sz\u00e9re a szem\u00e9lyes adatok kezel\u00e9s\u00e9re vonatkoz\u00f3, minden egyes t\u00e1j\u00e9koztat\u00e1st t\u00f6m\u00f6r, \u00e1tl\u00e1that\u00f3, \u00e9rthet\u0151 \u00e9s k\u00f6nnyen hozz\u00e1f\u00e9rhet\u0151 form\u00e1ban, vil\u00e1gosan \u00e9s k\u00f6z\u00e9rthet\u0151en megfogalmazva ny\u00fajtsa, tov\u00e1bb\u00e1 hogy az Adatkezel\u0151 el\u0151seg\u00edti az \u00e9rintett jogainak a gyakorl\u00e1s\u00e1t.<\/h5>\n\n\n\n<div style=\"height:43px\" aria-hidden=\"true\" class=\"wp-block-spacer\"><\/div>\n\n\n\n<h5 class=\"wp-block-heading\">Az \u00e9rintett el\u0151zetes t\u00e1j\u00e9koztat\u00e1si k\u00f6telezetts\u00e9g\u00e9t az inform\u00e1ci\u00f3s \u00f6nrendelkez\u00e9si jogr\u00f3l \u00e9s az inform\u00e1ci\u00f3szabads\u00e1gr\u00f3l 2011. \u00e9vi CXII. t\u00f6rv\u00e9ny is el\u0151\u00edrja.<\/h5>\n\n\n\n<div style=\"height:38px\" aria-hidden=\"true\" class=\"wp-block-spacer\"><\/div>\n\n\n\n<h5 class=\"wp-block-heading\">Az al\u00e1bbiakban olvashat\u00f3 t\u00e1j\u00e9koztat\u00e1ssal e jogszab\u00e1lyi k\u00f6telezetts\u00e9g\u00fcnknek tesz\u00fcnk eleget.<\/h5>\n\n\n\n<div style=\"height:34px\" aria-hidden=\"true\" class=\"wp-block-spacer\"><\/div>\n\n\n\n<h5 class=\"wp-block-heading\">A t\u00e1j\u00e9koztat\u00e1st k\u00f6zz\u00e9 kell tenni a t\u00e1rsas\u00e1g honlapj\u00e1n, vagy az \u00e9rintett szem\u00e9ly r\u00e9sz\u00e9re k\u00e9r\u00e9s\u00e9re meg kell k\u00fcldeni.<\/h5>\n\n\n\n<div style=\"height:50px\" aria-hidden=\"true\" class=\"wp-block-spacer\"><\/div>\n\n\n\n<h5 class=\"wp-block-heading\">\n\nLet\u00f6lthet\u0151 adatkezel\u00e9si t\u00e1j\u00e9koztat\u00f3:\n\n<\/h5>\n\n\n\n<div style=\"height:20px\" aria-hidden=\"true\" class=\"wp-block-spacer\"><\/div>\n\n\n\n<div class=\"wp-block-file\"><a href=\"https:\/\/uj.aranykor.hu\/lakopark\/wp-content\/uploads\/2021\/10\/adatkezelsi-tjkoztat-az-rintett-termszetes-szemly-jogairl-0_0.pdf\" class=\"wp-block-file__button\" download>Let\u00f6lt\u00e9s<\/a><\/div>\n\n\n\n<div style=\"height:34px\" aria-hidden=\"true\" class=\"wp-block-spacer\"><\/div>\n\n\n\n<p><\/p>\n","protected":false},"excerpt":{"rendered":"<p>A term\u00e9szetes szem\u00e9lyeknek a szem\u00e9lyes adatok kezel\u00e9se tekintet\u00e9ben t\u00f6rt\u00e9n\u0151 v\u00e9delm\u00e9r\u0151l \u00e9s az ilyen adatok szabad \u00e1raml\u00e1s\u00e1r\u00f3l, valamint a 95\/46\/EK rendelet hat\u00e1lyon k\u00edv\u00fcl helyez\u00e9s\u00e9r\u0151l sz\u00f3l\u00f3 AZ EUR\u00d3PAI PARLAMENT \u00c9S A TAN\u00c1CS (EU) 2016\/679 RENDELETE (a tov\u00e1bbiakban: Rendelet) el\u0151\u00edrja, hogy az Adatkezel\u0151 megfelel\u0151 int\u00e9zked\u00e9seket hoz annak \u00e9rdek\u00e9ben, hogy az \u00e9rintett r\u00e9sz\u00e9re a szem\u00e9lyes adatok kezel\u00e9s\u00e9re vonatkoz\u00f3, minden [&hellip;]<\/p>\n","protected":false},"author":1,"featured_media":0,"parent":0,"menu_order":0,"comment_status":"closed","ping_status":"open","template":"","meta":{"footnotes":""},"class_list":["post-3","page","type-page","status-publish","hentry"],"_links":{"self":[{"href":"https:\/\/aranykor.hu\/lakopark\/wp-json\/wp\/v2\/pages\/3","targetHints":{"allow":["GET"]}}],"collection":[{"href":"https:\/\/aranykor.hu\/lakopark\/wp-json\/wp\/v2\/pages"}],"about":[{"href":"https:\/\/aranykor.hu\/lakopark\/wp-json\/wp\/v2\/types\/page"}],"author":[{"embeddable":true,"href":"https:\/\/aranykor.hu\/lakopark\/wp-json\/wp\/v2\/users\/1"}],"replies":[{"embeddable":true,"href":"https:\/\/aranykor.hu\/lakopark\/wp-json\/wp\/v2\/comments?post=3"}],"version-history":[{"count":10,"href":"https:\/\/aranykor.hu\/lakopark\/wp-json\/wp\/v2\/pages\/3\/revisions"}],"predecessor-version":[{"id":453,"href":"https:\/\/aranykor.hu\/lakopark\/wp-json\/wp\/v2\/pages\/3\/revisions\/453"}],"wp:attachment":[{"href":"https:\/\/aranykor.hu\/lakopark\/wp-json\/wp\/v2\/media?parent=3"}],"curies":[{"name":"wp","href":"https:\/\/api.w.org\/{rel}","templated":true}]}}