{"id":5,"date":"2021-12-06T12:48:36","date_gmt":"2021-12-06T12:48:36","guid":{"rendered":"http:\/\/10.1.0.80:8131\/?page_id=5"},"modified":"2022-10-28T09:25:01","modified_gmt":"2022-10-28T09:25:01","slug":"kapcsolat","status":"publish","type":"page","link":"https:\/\/aranykor.hu\/wellness\/kapcsolat\/","title":{"rendered":"Kapcsolat"},"content":{"rendered":"\n<p>Nyitvatart\u00e1s:<br><br>H\u00e9tf\u0151: Z\u00c1RVA<br>Kedd: 10:00 &#8211; 19:00<br>Szerda: 10:00 -19:00<br>Cs\u00fct\u00f6rt\u00f6k: 10:00 &#8211; 19:00<br>P\u00e9ntek: 10:00 &#8211; 24:00<br>Szombat, vas\u00e1rnap: 10:00-20:00<\/p>\n","protected":false},"excerpt":{"rendered":"<p>Nyitvatart\u00e1s: H\u00e9tf\u0151: Z\u00c1RVAKedd: 10:00 &#8211; 19:00Szerda: 10:00 -19:00Cs\u00fct\u00f6rt\u00f6k: 10:00 &#8211; 19:00P\u00e9ntek: 10:00 &#8211; 24:00Szombat, vas\u00e1rnap: 10:00-20:00<\/p>\n","protected":false},"author":1,"featured_media":0,"parent":0,"menu_order":0,"comment_status":"closed","ping_status":"closed","template":"","meta":{"footnotes":""},"class_list":["post-5","page","type-page","status-publish","hentry"],"acf":[],"_links":{"self":[{"href":"https:\/\/aranykor.hu\/wellness\/wp-json\/wp\/v2\/pages\/5","targetHints":{"allow":["GET"]}}],"collection":[{"href":"https:\/\/aranykor.hu\/wellness\/wp-json\/wp\/v2\/pages"}],"about":[{"href":"https:\/\/aranykor.hu\/wellness\/wp-json\/wp\/v2\/types\/page"}],"author":[{"embeddable":true,"href":"https:\/\/aranykor.hu\/wellness\/wp-json\/wp\/v2\/users\/1"}],"replies":[{"embeddable":true,"href":"https:\/\/aranykor.hu\/wellness\/wp-json\/wp\/v2\/comments?post=5"}],"version-history":[{"count":4,"href":"https:\/\/aranykor.hu\/wellness\/wp-json\/wp\/v2\/pages\/5\/revisions"}],"predecessor-version":[{"id":359,"href":"https:\/\/aranykor.hu\/wellness\/wp-json\/wp\/v2\/pages\/5\/revisions\/359"}],"wp:attachment":[{"href":"https:\/\/aranykor.hu\/wellness\/wp-json\/wp\/v2\/media?parent=5"}],"curies":[{"name":"wp","href":"https:\/\/api.w.org\/{rel}","templated":true}]}}